{"id":844,"date":"2023-05-04T07:52:47","date_gmt":"2023-05-04T05:52:47","guid":{"rendered":"http:\/\/serwer1929076.home.pl\/sklepbasia\/?post_type=product&#038;p=844"},"modified":"2023-06-07T13:05:35","modified_gmt":"2023-06-07T11:05:35","slug":"sciagaczka-do-podlogi-45cm","status":"publish","type":"product","link":"https:\/\/sklep-basia.pl\/index.php\/product\/sciagaczka-do-podlogi-45cm\/","title":{"rendered":"\u015aci\u0105gaczka Do Pod\u0142ogi 45cm"},"content":{"rendered":"","protected":false},"excerpt":{"rendered":"","protected":false},"featured_media":874,"comment_status":"closed","ping_status":"closed","template":"","meta":[],"product_cat":[18],"product_tag":[],"_links":{"self":[{"href":"https:\/\/sklep-basia.pl\/index.php\/wp-json\/wp\/v2\/product\/844"}],"collection":[{"href":"https:\/\/sklep-basia.pl\/index.php\/wp-json\/wp\/v2\/product"}],"about":[{"href":"https:\/\/sklep-basia.pl\/index.php\/wp-json\/wp\/v2\/types\/product"}],"replies":[{"embeddable":true,"href":"https:\/\/sklep-basia.pl\/index.php\/wp-json\/wp\/v2\/comments?post=844"}],"wp:featuredmedia":[{"embeddable":true,"href":"https:\/\/sklep-basia.pl\/index.php\/wp-json\/wp\/v2\/media\/874"}],"wp:attachment":[{"href":"https:\/\/sklep-basia.pl\/index.php\/wp-json\/wp\/v2\/media?parent=844"}],"wp:term":[{"taxonomy":"product_cat","embeddable":true,"href":"https:\/\/sklep-basia.pl\/index.php\/wp-json\/wp\/v2\/product_cat?post=844"},{"taxonomy":"product_tag","embeddable":true,"href":"https:\/\/sklep-basia.pl\/index.php\/wp-json\/wp\/v2\/product_tag?post=844"}],"curies":[{"name":"wp","href":"https:\/\/api.w.org\/{rel}","templated":true}]}}