{"id":583,"date":"2023-05-04T07:51:13","date_gmt":"2023-05-04T05:51:13","guid":{"rendered":"http:\/\/serwer1929076.home.pl\/sklepbasia\/?post_type=product&#038;p=583"},"modified":"2023-05-08T20:54:33","modified_gmt":"2023-05-08T18:54:33","slug":"szczoteczka-do-rak-z-raczka","status":"publish","type":"product","link":"https:\/\/sklep-basia.pl\/index.php\/product\/szczoteczka-do-rak-z-raczka\/","title":{"rendered":"Szczoteczka do r\u0105k z r\u0105czk\u0105"},"content":{"rendered":"<div id=\"delete-action\"><a class=\"submitdelete deletion\" href=\"http:\/\/phu-basia.pl\/wp-admin\/post.php?post=257&amp;action=trash&amp;_wpnonce=f2a0b6b5cc\">Przenie\u015b do kosza<\/a><\/div>\n","protected":false},"excerpt":{"rendered":"<p>Przenie\u015b do kosza<\/p>\n","protected":false},"featured_media":612,"comment_status":"closed","ping_status":"closed","template":"","meta":[],"product_cat":[25],"product_tag":[],"_links":{"self":[{"href":"https:\/\/sklep-basia.pl\/index.php\/wp-json\/wp\/v2\/product\/583"}],"collection":[{"href":"https:\/\/sklep-basia.pl\/index.php\/wp-json\/wp\/v2\/product"}],"about":[{"href":"https:\/\/sklep-basia.pl\/index.php\/wp-json\/wp\/v2\/types\/product"}],"replies":[{"embeddable":true,"href":"https:\/\/sklep-basia.pl\/index.php\/wp-json\/wp\/v2\/comments?post=583"}],"wp:featuredmedia":[{"embeddable":true,"href":"https:\/\/sklep-basia.pl\/index.php\/wp-json\/wp\/v2\/media\/612"}],"wp:attachment":[{"href":"https:\/\/sklep-basia.pl\/index.php\/wp-json\/wp\/v2\/media?parent=583"}],"wp:term":[{"taxonomy":"product_cat","embeddable":true,"href":"https:\/\/sklep-basia.pl\/index.php\/wp-json\/wp\/v2\/product_cat?post=583"},{"taxonomy":"product_tag","embeddable":true,"href":"https:\/\/sklep-basia.pl\/index.php\/wp-json\/wp\/v2\/product_tag?post=583"}],"curies":[{"name":"wp","href":"https:\/\/api.w.org\/{rel}","templated":true}]}}