{"id":538,"date":"2023-05-04T07:50:59","date_gmt":"2023-05-04T05:50:59","guid":{"rendered":"http:\/\/serwer1929076.home.pl\/sklepbasia\/?post_type=product&#038;p=538"},"modified":"2025-02-05T10:53:16","modified_gmt":"2025-02-05T09:53:16","slug":"scierka-do-podlogi-biala-60-80","status":"publish","type":"product","link":"https:\/\/sklep-basia.pl\/index.php\/product\/scierka-do-podlogi-biala-60-80\/","title":{"rendered":"\u015acierka do pod\u0142ogi bia\u0142a 60\/80"},"content":{"rendered":"","protected":false},"excerpt":{"rendered":"","protected":false},"featured_media":565,"comment_status":"closed","ping_status":"closed","template":"","meta":[],"product_cat":[30],"product_tag":[],"_links":{"self":[{"href":"https:\/\/sklep-basia.pl\/index.php\/wp-json\/wp\/v2\/product\/538"}],"collection":[{"href":"https:\/\/sklep-basia.pl\/index.php\/wp-json\/wp\/v2\/product"}],"about":[{"href":"https:\/\/sklep-basia.pl\/index.php\/wp-json\/wp\/v2\/types\/product"}],"replies":[{"embeddable":true,"href":"https:\/\/sklep-basia.pl\/index.php\/wp-json\/wp\/v2\/comments?post=538"}],"wp:featuredmedia":[{"embeddable":true,"href":"https:\/\/sklep-basia.pl\/index.php\/wp-json\/wp\/v2\/media\/565"}],"wp:attachment":[{"href":"https:\/\/sklep-basia.pl\/index.php\/wp-json\/wp\/v2\/media?parent=538"}],"wp:term":[{"taxonomy":"product_cat","embeddable":true,"href":"https:\/\/sklep-basia.pl\/index.php\/wp-json\/wp\/v2\/product_cat?post=538"},{"taxonomy":"product_tag","embeddable":true,"href":"https:\/\/sklep-basia.pl\/index.php\/wp-json\/wp\/v2\/product_tag?post=538"}],"curies":[{"name":"wp","href":"https:\/\/api.w.org\/{rel}","templated":true}]}}