{"id":414,"date":"2023-05-04T07:50:26","date_gmt":"2023-05-04T05:50:26","guid":{"rendered":"http:\/\/serwer1929076.home.pl\/sklepbasia\/?post_type=product&#038;p=414"},"modified":"2023-05-08T20:54:27","modified_gmt":"2023-05-08T18:54:27","slug":"gabka-kapielowa-tecza-a5","status":"publish","type":"product","link":"https:\/\/sklep-basia.pl\/index.php\/product\/gabka-kapielowa-tecza-a5\/","title":{"rendered":"G\u0105bka k\u0105pielowa t\u0119cza A5"},"content":{"rendered":"","protected":false},"excerpt":{"rendered":"","protected":false},"featured_media":442,"comment_status":"closed","ping_status":"closed","template":"","meta":[],"product_cat":[22],"product_tag":[],"_links":{"self":[{"href":"https:\/\/sklep-basia.pl\/index.php\/wp-json\/wp\/v2\/product\/414"}],"collection":[{"href":"https:\/\/sklep-basia.pl\/index.php\/wp-json\/wp\/v2\/product"}],"about":[{"href":"https:\/\/sklep-basia.pl\/index.php\/wp-json\/wp\/v2\/types\/product"}],"replies":[{"embeddable":true,"href":"https:\/\/sklep-basia.pl\/index.php\/wp-json\/wp\/v2\/comments?post=414"}],"wp:featuredmedia":[{"embeddable":true,"href":"https:\/\/sklep-basia.pl\/index.php\/wp-json\/wp\/v2\/media\/442"}],"wp:attachment":[{"href":"https:\/\/sklep-basia.pl\/index.php\/wp-json\/wp\/v2\/media?parent=414"}],"wp:term":[{"taxonomy":"product_cat","embeddable":true,"href":"https:\/\/sklep-basia.pl\/index.php\/wp-json\/wp\/v2\/product_cat?post=414"},{"taxonomy":"product_tag","embeddable":true,"href":"https:\/\/sklep-basia.pl\/index.php\/wp-json\/wp\/v2\/product_tag?post=414"}],"curies":[{"name":"wp","href":"https:\/\/api.w.org\/{rel}","templated":true}]}}