{"id":1368,"date":"2025-03-03T10:16:59","date_gmt":"2025-03-03T09:16:59","guid":{"rendered":"https:\/\/sklep-basia.pl\/?post_type=product&#038;p=1368"},"modified":"2025-03-07T11:19:54","modified_gmt":"2025-03-07T10:19:54","slug":"clinex-liquid-soap-5l-mydlo","status":"publish","type":"product","link":"https:\/\/sklep-basia.pl\/index.php\/product\/clinex-liquid-soap-5l-mydlo\/","title":{"rendered":"CLINEX Liquid Soap 5l Myd\u0142o"},"content":{"rendered":"<p>Myd\u0142o do r\u0105k o zapachu migda\u0142owym<\/p>\n","protected":false},"excerpt":{"rendered":"<p>Myd\u0142o do r\u0105k o zapachu migda\u0142owym<\/p>\n","protected":false},"featured_media":1369,"comment_status":"open","ping_status":"closed","template":"","meta":[],"product_cat":[38],"product_tag":[],"_links":{"self":[{"href":"https:\/\/sklep-basia.pl\/index.php\/wp-json\/wp\/v2\/product\/1368"}],"collection":[{"href":"https:\/\/sklep-basia.pl\/index.php\/wp-json\/wp\/v2\/product"}],"about":[{"href":"https:\/\/sklep-basia.pl\/index.php\/wp-json\/wp\/v2\/types\/product"}],"replies":[{"embeddable":true,"href":"https:\/\/sklep-basia.pl\/index.php\/wp-json\/wp\/v2\/comments?post=1368"}],"wp:featuredmedia":[{"embeddable":true,"href":"https:\/\/sklep-basia.pl\/index.php\/wp-json\/wp\/v2\/media\/1369"}],"wp:attachment":[{"href":"https:\/\/sklep-basia.pl\/index.php\/wp-json\/wp\/v2\/media?parent=1368"}],"wp:term":[{"taxonomy":"product_cat","embeddable":true,"href":"https:\/\/sklep-basia.pl\/index.php\/wp-json\/wp\/v2\/product_cat?post=1368"},{"taxonomy":"product_tag","embeddable":true,"href":"https:\/\/sklep-basia.pl\/index.php\/wp-json\/wp\/v2\/product_tag?post=1368"}],"curies":[{"name":"wp","href":"https:\/\/api.w.org\/{rel}","templated":true}]}}