{"id":1291,"date":"2024-10-07T09:27:05","date_gmt":"2024-10-07T07:27:05","guid":{"rendered":"https:\/\/sklep-basia.pl\/?post_type=product&#038;p=1291"},"modified":"2024-10-07T09:27:05","modified_gmt":"2024-10-07T07:27:05","slug":"lopata-do-sniegu","status":"publish","type":"product","link":"https:\/\/sklep-basia.pl\/index.php\/product\/lopata-do-sniegu\/","title":{"rendered":"\u0141opata do \u015bniegu"},"content":{"rendered":"<p>\u0141opata do \u015bniegu<\/p>\n","protected":false},"excerpt":{"rendered":"<p>\u0141opata do \u015bniegu<\/p>\n","protected":false},"featured_media":1292,"comment_status":"open","ping_status":"closed","template":"","meta":[],"product_cat":[34],"product_tag":[],"_links":{"self":[{"href":"https:\/\/sklep-basia.pl\/index.php\/wp-json\/wp\/v2\/product\/1291"}],"collection":[{"href":"https:\/\/sklep-basia.pl\/index.php\/wp-json\/wp\/v2\/product"}],"about":[{"href":"https:\/\/sklep-basia.pl\/index.php\/wp-json\/wp\/v2\/types\/product"}],"replies":[{"embeddable":true,"href":"https:\/\/sklep-basia.pl\/index.php\/wp-json\/wp\/v2\/comments?post=1291"}],"wp:featuredmedia":[{"embeddable":true,"href":"https:\/\/sklep-basia.pl\/index.php\/wp-json\/wp\/v2\/media\/1292"}],"wp:attachment":[{"href":"https:\/\/sklep-basia.pl\/index.php\/wp-json\/wp\/v2\/media?parent=1291"}],"wp:term":[{"taxonomy":"product_cat","embeddable":true,"href":"https:\/\/sklep-basia.pl\/index.php\/wp-json\/wp\/v2\/product_cat?post=1291"},{"taxonomy":"product_tag","embeddable":true,"href":"https:\/\/sklep-basia.pl\/index.php\/wp-json\/wp\/v2\/product_tag?post=1291"}],"curies":[{"name":"wp","href":"https:\/\/api.w.org\/{rel}","templated":true}]}}