{"id":1287,"date":"2024-10-07T09:06:20","date_gmt":"2024-10-07T07:06:20","guid":{"rendered":"https:\/\/sklep-basia.pl\/?post_type=product&#038;p=1287"},"modified":"2024-10-07T09:13:59","modified_gmt":"2024-10-07T07:13:59","slug":"mydlo-w-plynie","status":"publish","type":"product","link":"https:\/\/sklep-basia.pl\/index.php\/product\/mydlo-w-plynie\/","title":{"rendered":"Myd\u0142o w p\u0142ynie"},"content":{"rendered":"<p>Myd\u0142o w p\u0142ynie<\/p>\n","protected":false},"excerpt":{"rendered":"<p>Myd\u0142o w p\u0142ynie<\/p>\n","protected":false},"featured_media":1288,"comment_status":"open","ping_status":"closed","template":"","meta":[],"product_cat":[38],"product_tag":[],"_links":{"self":[{"href":"https:\/\/sklep-basia.pl\/index.php\/wp-json\/wp\/v2\/product\/1287"}],"collection":[{"href":"https:\/\/sklep-basia.pl\/index.php\/wp-json\/wp\/v2\/product"}],"about":[{"href":"https:\/\/sklep-basia.pl\/index.php\/wp-json\/wp\/v2\/types\/product"}],"replies":[{"embeddable":true,"href":"https:\/\/sklep-basia.pl\/index.php\/wp-json\/wp\/v2\/comments?post=1287"}],"wp:featuredmedia":[{"embeddable":true,"href":"https:\/\/sklep-basia.pl\/index.php\/wp-json\/wp\/v2\/media\/1288"}],"wp:attachment":[{"href":"https:\/\/sklep-basia.pl\/index.php\/wp-json\/wp\/v2\/media?parent=1287"}],"wp:term":[{"taxonomy":"product_cat","embeddable":true,"href":"https:\/\/sklep-basia.pl\/index.php\/wp-json\/wp\/v2\/product_cat?post=1287"},{"taxonomy":"product_tag","embeddable":true,"href":"https:\/\/sklep-basia.pl\/index.php\/wp-json\/wp\/v2\/product_tag?post=1287"}],"curies":[{"name":"wp","href":"https:\/\/api.w.org\/{rel}","templated":true}]}}