{"id":1264,"date":"2024-06-05T12:13:55","date_gmt":"2024-06-05T10:13:55","guid":{"rendered":"https:\/\/sklep-basia.pl\/?post_type=product&#038;p=1264"},"modified":"2024-06-05T12:13:55","modified_gmt":"2024-06-05T10:13:55","slug":"podklad-mata-na-stol-owal-40-28-a12","status":"publish","type":"product","link":"https:\/\/sklep-basia.pl\/index.php\/product\/podklad-mata-na-stol-owal-40-28-a12\/","title":{"rendered":"Podk\u0142ad mata na st\u00f3\u0142 owal 40\/28 a12"},"content":{"rendered":"<p>Podk\u0142ad mata na st\u00f3\u0142 owal 40\/28<\/p>\n","protected":false},"excerpt":{"rendered":"<p>Podk\u0142ad mata na st\u00f3\u0142 owal 40\/28<\/p>\n","protected":false},"featured_media":1265,"comment_status":"open","ping_status":"closed","template":"","meta":[],"product_cat":[17],"product_tag":[],"_links":{"self":[{"href":"https:\/\/sklep-basia.pl\/index.php\/wp-json\/wp\/v2\/product\/1264"}],"collection":[{"href":"https:\/\/sklep-basia.pl\/index.php\/wp-json\/wp\/v2\/product"}],"about":[{"href":"https:\/\/sklep-basia.pl\/index.php\/wp-json\/wp\/v2\/types\/product"}],"replies":[{"embeddable":true,"href":"https:\/\/sklep-basia.pl\/index.php\/wp-json\/wp\/v2\/comments?post=1264"}],"wp:featuredmedia":[{"embeddable":true,"href":"https:\/\/sklep-basia.pl\/index.php\/wp-json\/wp\/v2\/media\/1265"}],"wp:attachment":[{"href":"https:\/\/sklep-basia.pl\/index.php\/wp-json\/wp\/v2\/media?parent=1264"}],"wp:term":[{"taxonomy":"product_cat","embeddable":true,"href":"https:\/\/sklep-basia.pl\/index.php\/wp-json\/wp\/v2\/product_cat?post=1264"},{"taxonomy":"product_tag","embeddable":true,"href":"https:\/\/sklep-basia.pl\/index.php\/wp-json\/wp\/v2\/product_tag?post=1264"}],"curies":[{"name":"wp","href":"https:\/\/api.w.org\/{rel}","templated":true}]}}